{"id":1731,"date":"2018-05-04T16:31:04","date_gmt":"2018-05-04T14:31:04","guid":{"rendered":"https:\/\/www.sergiomarinelli.com\/en\/?page_id=1731"},"modified":"2018-05-04T16:31:04","modified_gmt":"2018-05-04T14:31:04","slug":"privacy-policy","status":"publish","type":"page","link":"https:\/\/www.sergiomarinelli.com\/en\/privacy-policy\/","title":{"rendered":"Privacy policy"},"content":{"rendered":"<div class=\"wpb-content-wrapper\"><section class=\"l-section wpb_row height_medium\"><div class=\"l-section-h i-cf\"><div class=\"g-cols vc_row type_default valign_top\"><div class=\"vc_col-sm-12 wpb_column vc_column_container\"><div class=\"vc_column-inner\"><div class=\"wpb_wrapper\"><div class=\"w-tabs layout_default accordion title_left icon_chevron iconpos_right \"><div class=\"w-tabs-list items_9\"><div class=\"w-tabs-list-h\"><div class=\"w-tabs-item active defined-active\"><a href=\"#1506086152954-81d17fe3-476a\" class=\"w-tabs-item-h\"><span class=\"w-tabs-item-title\">INFORMATIVA WEB PRIVACY POLICY<\/span><\/a><\/div>\n<div class=\"w-tabs-item\"><a href=\"#1506086152988-e1a21dbb-72f5\" class=\"w-tabs-item-h\"><span class=\"w-tabs-item-title\">Finalit\u00e0 del trattamento<\/span><\/a><\/div>\n<div class=\"w-tabs-item\"><a href=\"#1506086262649-e512c8ce-4098\" class=\"w-tabs-item-h\"><span class=\"w-tabs-item-title\">Trattamento dei dati personali<\/span><\/a><\/div>\n<div class=\"w-tabs-item\"><a href=\"#1506086300803-15c4ffb9-9a29\" class=\"w-tabs-item-h\"><span class=\"w-tabs-item-title\">Diritti dell\u2019interessato<\/span><\/a><\/div>\n<div class=\"w-tabs-item\"><a href=\"#1506086330725-e47825a3-0b34\" class=\"w-tabs-item-h\"><span class=\"w-tabs-item-title\">Cookies<\/span><\/a><\/div>\n<div class=\"w-tabs-item\"><a href=\"#1506086432769-0ee12da5-b5cc\" class=\"w-tabs-item-h\"><span class=\"w-tabs-item-title\">Consenso ed informative specifiche<\/span><\/a><\/div>\n<div class=\"w-tabs-item\"><a href=\"#1506086456426-85886b5e-d998\" class=\"w-tabs-item-h\"><span class=\"w-tabs-item-title\">Misure di sicurezza del sito<\/span><\/a><\/div>\n<div class=\"w-tabs-item\"><a href=\"#1506086496297-79372b61-98d8\" class=\"w-tabs-item-h\"><span class=\"w-tabs-item-title\">Precisazioni<\/span><\/a><\/div>\n<div class=\"w-tabs-item\"><a href=\"#1506086550636-8a46a98b-125d\" class=\"w-tabs-item-h\"><span class=\"w-tabs-item-title\">Google Analytics<\/span><\/a><\/div>\n<\/div><\/div><div class=\"w-tabs-sections\"><div class=\"w-tabs-sections-h\"><div class=\"w-tabs-section active\" id=\"1506086152954-81d17fe3-476a\"><a href=\"#1506086152954-81d17fe3-476a\" class=\"w-tabs-section-header\"><div class=\"w-tabs-section-header-h\"><h5 class=\"w-tabs-section-title\">INFORMATIVA WEB PRIVACY POLICY<\/h5><div class=\"w-tabs-section-control\"><\/div><\/div><\/a><div class=\"w-tabs-section-content\"><div class=\"w-tabs-section-content-h i-cf\">\n\t<div class=\"wpb_text_column \">\n\t\t<div class=\"wpb_wrapper\">\n\t\t\t<p>Si forniscono di seguito alcune informazioni ed avvertenze sulle modalit\u00e0 di gestione del sito www.sergiomarinelli.com, in riferimento al trattamento dei dati personali. Si tratta di una informativa resa ai sensi dell\u2019art. 13 del D. Lgs. 196\/2003 \u2013 Codice in materia di protezione dei dati personali \u2013 a coloro che si collegano al presente sito. I visitatori dovranno leggere attentamente la presente Privacy Policy prima di inoltrare qualsiasi tipo di informazione personale e\/o compilare qualunque modulo elettronico presente sul sito stesso.<\/p>\n\n\t\t<\/div>\n\t<\/div>\n<\/div><\/div><\/div><div class=\"w-tabs-section\" id=\"1506086152988-e1a21dbb-72f5\"><a href=\"#1506086152988-e1a21dbb-72f5\" class=\"w-tabs-section-header\"><div class=\"w-tabs-section-header-h\"><h5 class=\"w-tabs-section-title\">Finalit\u00e0 del trattamento<\/h5><div class=\"w-tabs-section-control\"><\/div><\/div><\/a><div class=\"w-tabs-section-content\"><div class=\"w-tabs-section-content-h i-cf\">\n\t<div class=\"wpb_text_column \">\n\t\t<div class=\"wpb_wrapper\">\n\t\t\t<p>Il trattamento dei dati forniti \u00e8 finalizzato unicamente alla corretta e completa esecuzione del servizio richiesto.<\/p>\n\n\t\t<\/div>\n\t<\/div>\n<\/div><\/div><\/div><div class=\"w-tabs-section\" id=\"1506086262649-e512c8ce-4098\"><a href=\"#1506086262649-e512c8ce-4098\" class=\"w-tabs-section-header\"><div class=\"w-tabs-section-header-h\"><h5 class=\"w-tabs-section-title\">Trattamento dei dati personali<\/h5><div class=\"w-tabs-section-control\"><\/div><\/div><\/a><div class=\"w-tabs-section-content\"><div class=\"w-tabs-section-content-h i-cf\">\n\t<div class=\"wpb_text_column \">\n\t\t<div class=\"wpb_wrapper\">\n\t\t\t<p>Il trattamento sar\u00e0 effettuato su supporto informatico. Il conferimento dei dati \u00e8 facoltativo, l\u2019eventuale rifiuto di fornire tali dati potrebbe comportare la mancata o parziale esecuzione del servizio. La titolarit\u00e0 dei dati, conferiti volontariamente, e trattati a seguito della consultazione del sito, \u00e8 attribuita a <strong>Sergio Marinelli<\/strong> con sede legale in Via Giuseppe Mazzini 5, 60035 Jesi AN Italy, P.IVA: 0134550421, che tratta i medesimi dati, oltre che per l&#8217;ottimizzazione dell&#8217;uso del sito, per le seguenti finalit\u00e0:<br \/>\n&#8211; invio di circolari informative, tecniche e\/o commerciali sia in via telematica che cartacea<br \/>\n&#8211; attivit\u00e0 promozionali e\/o di marketing in via cartacea e\/o telematica<br \/>\n&#8211; invio di listini, cataloghi, istruzioni tecniche, campionature, ecc\u2026<br \/>\n&#8211; compimento di ricerche di mercato<br \/>\n&#8211; stesura budget e statistiche.<br \/>\nI trattamenti vengono svolti dal titolare con modalit\u00e0 cartacee, informatiche, telematiche sui sistemi informatici e server nella propria disponibilit\u00e0, dal personale (interno ed esterno) incaricato, tra cui il personale <strong>Sergio Marinelli<\/strong>, che tratta i dati al fine di gestire nel modo migliore il sito con modalit\u00e0 informatiche e telematiche. <strong>Sergio Marinelli<\/strong> raccoglie i dati relativi agli accessi ed alla navigazione all&#8217;interno dei siti per permettere il funzionamento dei servizi e delle sezioni che richiedono l&#8217;identificazione dell&#8217;utente e utilizza le informazioni raccolte per l&#8217;amministrazione tecnica del sito e per eventuali analisi statistiche circa l&#8217;utilizzo del sito stesso. <strong>Sergio Marinelli<\/strong> utilizza dati statistici globali sul tipo di traffico ed altre informazioni correlate al sito, senza diffondere o comunicare a terzi dati relativi alla singola utenza. Viene esclusa ogni forma di diffusione o comunicazione a terzi (salvo prestatori di servizi incaricati, nell&#8217;ambito delle finalit\u00e0 dichiarate).<\/p>\n\n\t\t<\/div>\n\t<\/div>\n<\/div><\/div><\/div><div class=\"w-tabs-section\" id=\"1506086300803-15c4ffb9-9a29\"><a href=\"#1506086300803-15c4ffb9-9a29\" class=\"w-tabs-section-header\"><div class=\"w-tabs-section-header-h\"><h5 class=\"w-tabs-section-title\">Diritti dell\u2019interessato<\/h5><div class=\"w-tabs-section-control\"><\/div><\/div><\/a><div class=\"w-tabs-section-content\"><div class=\"w-tabs-section-content-h i-cf\">\n\t<div class=\"wpb_text_column \">\n\t\t<div class=\"wpb_wrapper\">\n\t\t\t<p>I soggetti cui si riferiscono i dati personali hanno il diritto, in ogni momento, di verificare i dati trattati ed esercitare tutti i diritti previsti dall&#8217;art . 7 del D.Lgs. n. 196\/2003 (tra cui quelli di rettifica, aggiornamento e cancellazione) inviando una mail a info@sergiomarinelli.com.<\/p>\n\n\t\t<\/div>\n\t<\/div>\n<\/div><\/div><\/div><div class=\"w-tabs-section\" id=\"1506086330725-e47825a3-0b34\"><a href=\"#1506086330725-e47825a3-0b34\" class=\"w-tabs-section-header\"><div class=\"w-tabs-section-header-h\"><h5 class=\"w-tabs-section-title\">Cookies<\/h5><div class=\"w-tabs-section-control\"><\/div><\/div><\/a><div class=\"w-tabs-section-content\"><div class=\"w-tabs-section-content-h i-cf\">\n\t<div class=\"wpb_text_column \">\n\t\t<div class=\"wpb_wrapper\">\n\t\t\t<p>In questo sito non si utilizzano i c.d. \u201ccookies\u201d persistenti di alcun tipo, n\u00e9 si tracciano gli indirizzi IP, n\u00e9 ci si avvale di altri sistemi analoghi di tracciamento duraturo degli utenti. L\u2019uso dei cookies di sessione (cio\u00e8 temporanei che decadono con la chiusura della sessione del browser) \u00e8 strettamente funzionale all&#8217;ottimizzazione della fruizione del sito, e quindi a garantire la migliore navigazione nell&#8217;ambito del sito. Altri siti su cui questo sito pu\u00f2 eventualmente \u201clinkare\u201d potrebbero contenere sistemi di tracciamento cui il titolare del sito \u00e8 estraneo. Non si garantisce che tali siti esterni siano dotati di idonei sistemi di sicurezza diretti a tutelare i dati trattati e per prevenire danni (ad es. da virus informatici).<\/p>\n\n\t\t<\/div>\n\t<\/div>\n<\/div><\/div><\/div><div class=\"w-tabs-section\" id=\"1506086432769-0ee12da5-b5cc\"><a href=\"#1506086432769-0ee12da5-b5cc\" class=\"w-tabs-section-header\"><div class=\"w-tabs-section-header-h\"><h5 class=\"w-tabs-section-title\">Consenso ed informative specifiche<\/h5><div class=\"w-tabs-section-control\"><\/div><\/div><\/a><div class=\"w-tabs-section-content\"><div class=\"w-tabs-section-content-h i-cf\">\n\t<div class=\"wpb_text_column \">\n\t\t<div class=\"wpb_wrapper\">\n\t\t\t<p>Nel sito, per particolari finalit\u00e0 di trattamento o per determinate tipologie di dati, sono presenti apposite informative e, ove necessario, anche richieste espresse di consenso.<\/p>\n\n\t\t<\/div>\n\t<\/div>\n<\/div><\/div><\/div><div class=\"w-tabs-section\" id=\"1506086456426-85886b5e-d998\"><a href=\"#1506086456426-85886b5e-d998\" class=\"w-tabs-section-header\"><div class=\"w-tabs-section-header-h\"><h5 class=\"w-tabs-section-title\">Misure di sicurezza del sito<\/h5><div class=\"w-tabs-section-control\"><\/div><\/div><\/a><div class=\"w-tabs-section-content\"><div class=\"w-tabs-section-content-h i-cf\">\n\t<div class=\"wpb_text_column \">\n\t\t<div class=\"wpb_wrapper\">\n\t\t\t<p>Per la gestione del sito sono state adottate specifiche misure di sicurezza, dirette a garantire l&#8217;accesso sicuro ed a tutelare le informazioni contenute nello stesso da rischi di perdita o distruzione anche accidentale. <strong>Sergio Marinelli<\/strong> pur garantendo al suo interno l&#8217;adozione di appositi sistemi Antivirus, ricorda che, oltre ad essere un obbligo di legge, \u00e8 opportuno per l&#8217;utente dotare la propria stazione di lavoro di un sistema di prevenzione e scansione contro l&#8217;attacco di virus. Per l&#8217;accesso alla parte riservata del sito viene assegnato agli utenti un codice identificativo ed una password; tali password sono generate su proposta degli stessi utenti. L&#8217;utente \u00e8 tenuto a custodire la password in modo riservato. Per navigare nelle aree riservate dei siti \u00e8 necessario utilizzare un browser idoneo (es. Microsoft Internet Explorer 5.5 sp2 o superiore oppure Netscape Navigator 6 o superiore).<\/p>\n\n\t\t<\/div>\n\t<\/div>\n<\/div><\/div><\/div><div class=\"w-tabs-section\" id=\"1506086496297-79372b61-98d8\"><a href=\"#1506086496297-79372b61-98d8\" class=\"w-tabs-section-header\"><div class=\"w-tabs-section-header-h\"><h5 class=\"w-tabs-section-title\">Precisazioni<\/h5><div class=\"w-tabs-section-control\"><\/div><\/div><\/a><div class=\"w-tabs-section-content\"><div class=\"w-tabs-section-content-h i-cf\">\n\t<div class=\"wpb_text_column \">\n\t\t<div class=\"wpb_wrapper\">\n\t\t\t<p>Si precisa che il presente documento costituisce la &#8220;Privacy Policy&#8221; di questo sito che sar\u00e0 soggetta ad aggiornamenti.<\/p>\n\n\t\t<\/div>\n\t<\/div>\n<\/div><\/div><\/div><div class=\"w-tabs-section\" id=\"1506086550636-8a46a98b-125d\"><a href=\"#1506086550636-8a46a98b-125d\" class=\"w-tabs-section-header\"><div class=\"w-tabs-section-header-h\"><h5 class=\"w-tabs-section-title\">Google Analytics<\/h5><div class=\"w-tabs-section-control\"><\/div><\/div><\/a><div class=\"w-tabs-section-content\"><div class=\"w-tabs-section-content-h i-cf\">\n\t<div class=\"wpb_text_column \">\n\t\t<div class=\"wpb_wrapper\">\n\t\t\t<p>Google Analytics (di seguito anche semplicemente &#8220;Analytics&#8221;) \u00e8 un servizio di statistica offerto da Google Inc. la cui sede principale \u00e8 a 1600 Amphitheatre Parkway, Mountain View, CA 94043, United States. Esso \u00e8 finalizzato al tracciamento degli accessi a siti e risorse web e consente agli amministratori dello stesso di generare e visualizzare i dati in forma aggregata ed anonima per fini statistici.<\/p>\n<p>Google Analytics richiede, per il proprio funzionamento, la presenza sulle pagine del sito di un codice di tracciamento che identifica le pagine visitate dagli utenti, i nomi di dominio e il tipo di browser dei computer utilizzati et al.\u00a0<strong>Tali dati sono considerabili anonimi, poich\u00e9 non consentono l\u2019identificazione dell\u2019identit\u00e0 dell\u2019utente<\/strong>.<\/p>\n<ul>\n<li><strong>Finalit\u00e0 del trattamento<\/strong><br \/>\nI dati raccolti sono utilizzati da Google a scopi statistici, al fine di valutare il corretto utilizzo del sito e di migliorarne l\u2019efficacia.<\/li>\n<li><strong>Trattamento dei dati personali\u00a0<\/strong><br \/>\nIl trattamento dei dati raccolti viene gestito da Google Inc. mediante strumenti informatici e telematici con logiche strettamente correlate alle finalit\u00e0 di seguito evidenziate e, comunque, in modo da garantire la sicurezza e la riservatezza dei dati stessi. Per il proprio funzionamento Google Analytics utilizza dei cookie e le informazioni sull\u2019utilizzo del sito da parte dei visitatori da essi generate sono trasmesse a Google e depositate presso i suoi server negli Stati Uniti.<\/li>\n<\/ul>\n<p>Google non assocer\u00e0 l\u2019indirizzo IP utilizzato dall\u2019utente per la navigazione a nessun altro dato ad esso relativo e da essa stessa eventualmente posseduto, salvo specifica accettazione da parte dell\u2019utente della privacy policy e dei termini del servizio di Google Inc.. Tali attivit\u00e0 e servizi sono da considerarsi non correlati all\u2019utilizzo del sito www.sergiomarinelli.com che non ne \u00e8 responsabile per quanto concerne il trattamento dei dati personali.<\/p>\n<p>I dati raccolti dal servizio Analytics sono trasferiti sui server di Google Inc. ed ivi elaborati. Google pu\u00f2 anche trasferire queste informazioni a terzi ove ci\u00f2 sia imposto dalla legge o laddove tali terzi trattino le suddette informazioni per conto di Google.<\/p>\n<ul>\n<li><strong>Cookies<\/strong><br \/>\nL\u2019utente pu\u00f2 in qualsiasi momento disabilitare l\u2019uso dei cookie dal proprio browser; tale scelta potrebbe causare difficolt\u00e0 alla navigazione del sito.<\/li>\n<\/ul>\n<p>L\u2019utente non pu\u00f2, invece, rifiutare la raccolta parziale dei dati da parte del software Google Analytics. In tal caso si invitano gli utenti a cessare la navigazione del sito stesso.<\/p>\n\n\t\t<\/div>\n\t<\/div>\n<\/div><\/div><\/div><\/div><\/div><\/div><\/div><\/div><\/div><\/div><\/div><\/section>\n<\/div>","protected":false},"excerpt":{"rendered":"INFORMATIVA WEB PRIVACY POLICY Finalit\u00e0 del trattamento Trattamento dei dati personali Diritti dell\u2019interessato Cookies Consenso ed informative specifiche Misure di sicurezza del sito Precisazioni Google...","protected":false},"author":1,"featured_media":0,"parent":0,"menu_order":0,"comment_status":"closed","ping_status":"closed","template":"","meta":{"footnotes":""},"class_list":["post-1731","page","type-page","status-publish","hentry"],"yoast_head":"<!-- This site is optimized with the Yoast SEO plugin v27.6 - https:\/\/yoast.com\/product\/yoast-seo-wordpress\/ -->\n<title>Privacy policy - Architetto Sergio Marinelli<\/title>\n<meta name=\"robots\" content=\"index, follow, max-snippet:-1, max-image-preview:large, max-video-preview:-1\" \/>\n<link rel=\"canonical\" href=\"https:\/\/www.sergiomarinelli.com\/privacy\/\" \/>\n<meta property=\"og:locale\" content=\"en_US\" \/>\n<meta property=\"og:type\" content=\"article\" \/>\n<meta property=\"og:title\" content=\"Privacy policy - Architetto Sergio Marinelli\" \/>\n<meta property=\"og:url\" content=\"https:\/\/www.sergiomarinelli.com\/privacy\/\" \/>\n<meta property=\"og:site_name\" content=\"Architetto Sergio Marinelli\" \/>\n<meta property=\"article:publisher\" content=\"https:\/\/www.facebook.com\/marinellistudio\/\" \/>\n<meta name=\"twitter:card\" content=\"summary_large_image\" \/>\n<meta name=\"twitter:site\" content=\"@arch_marinelli\" \/>\n<meta name=\"twitter:label1\" content=\"Est. reading time\" \/>\n\t<meta name=\"twitter:data1\" content=\"6 minutes\" \/>\n<script type=\"application\/ld+json\" class=\"yoast-schema-graph\">{\"@context\":\"https:\\\/\\\/schema.org\",\"@graph\":[{\"@type\":\"WebPage\",\"@id\":\"https:\\\/\\\/www.sergiomarinelli.com\\\/en\\\/privacy-policy\\\/\",\"url\":\"https:\\\/\\\/www.sergiomarinelli.com\\\/privacy\\\/\",\"name\":\"Privacy policy - Architetto Sergio Marinelli\",\"isPartOf\":{\"@id\":\"https:\\\/\\\/www.sergiomarinelli.com\\\/en\\\/#website\"},\"datePublished\":\"2018-05-04T14:31:04+00:00\",\"breadcrumb\":{\"@id\":\"https:\\\/\\\/www.sergiomarinelli.com\\\/privacy\\\/#breadcrumb\"},\"inLanguage\":\"en-US\",\"potentialAction\":[{\"@type\":\"ReadAction\",\"target\":[\"https:\\\/\\\/www.sergiomarinelli.com\\\/privacy\\\/\"]}]},{\"@type\":\"BreadcrumbList\",\"@id\":\"https:\\\/\\\/www.sergiomarinelli.com\\\/privacy\\\/#breadcrumb\",\"itemListElement\":[{\"@type\":\"ListItem\",\"position\":1,\"name\":\"Home\",\"item\":\"https:\\\/\\\/www.sergiomarinelli.com\\\/en\\\/\"},{\"@type\":\"ListItem\",\"position\":2,\"name\":\"Privacy policy\"}]},{\"@type\":\"WebSite\",\"@id\":\"https:\\\/\\\/www.sergiomarinelli.com\\\/en\\\/#website\",\"url\":\"https:\\\/\\\/www.sergiomarinelli.com\\\/en\\\/\",\"name\":\"Architetto Sergio Marinelli\",\"description\":\"Studio di Architettura\",\"potentialAction\":[{\"@type\":\"SearchAction\",\"target\":{\"@type\":\"EntryPoint\",\"urlTemplate\":\"https:\\\/\\\/www.sergiomarinelli.com\\\/en\\\/?s={search_term_string}\"},\"query-input\":{\"@type\":\"PropertyValueSpecification\",\"valueRequired\":true,\"valueName\":\"search_term_string\"}}],\"inLanguage\":\"en-US\"}]}<\/script>\n<!-- \/ Yoast SEO plugin. -->","yoast_head_json":{"title":"Privacy policy - Architetto Sergio Marinelli","robots":{"index":"index","follow":"follow","max-snippet":"max-snippet:-1","max-image-preview":"max-image-preview:large","max-video-preview":"max-video-preview:-1"},"canonical":"https:\/\/www.sergiomarinelli.com\/privacy\/","og_locale":"en_US","og_type":"article","og_title":"Privacy policy - Architetto Sergio Marinelli","og_url":"https:\/\/www.sergiomarinelli.com\/privacy\/","og_site_name":"Architetto Sergio Marinelli","article_publisher":"https:\/\/www.facebook.com\/marinellistudio\/","twitter_card":"summary_large_image","twitter_site":"@arch_marinelli","twitter_misc":{"Est. reading time":"6 minutes"},"schema":{"@context":"https:\/\/schema.org","@graph":[{"@type":"WebPage","@id":"https:\/\/www.sergiomarinelli.com\/en\/privacy-policy\/","url":"https:\/\/www.sergiomarinelli.com\/privacy\/","name":"Privacy policy - Architetto Sergio Marinelli","isPartOf":{"@id":"https:\/\/www.sergiomarinelli.com\/en\/#website"},"datePublished":"2018-05-04T14:31:04+00:00","breadcrumb":{"@id":"https:\/\/www.sergiomarinelli.com\/privacy\/#breadcrumb"},"inLanguage":"en-US","potentialAction":[{"@type":"ReadAction","target":["https:\/\/www.sergiomarinelli.com\/privacy\/"]}]},{"@type":"BreadcrumbList","@id":"https:\/\/www.sergiomarinelli.com\/privacy\/#breadcrumb","itemListElement":[{"@type":"ListItem","position":1,"name":"Home","item":"https:\/\/www.sergiomarinelli.com\/en\/"},{"@type":"ListItem","position":2,"name":"Privacy policy"}]},{"@type":"WebSite","@id":"https:\/\/www.sergiomarinelli.com\/en\/#website","url":"https:\/\/www.sergiomarinelli.com\/en\/","name":"Architetto Sergio Marinelli","description":"Studio di Architettura","potentialAction":[{"@type":"SearchAction","target":{"@type":"EntryPoint","urlTemplate":"https:\/\/www.sergiomarinelli.com\/en\/?s={search_term_string}"},"query-input":{"@type":"PropertyValueSpecification","valueRequired":true,"valueName":"search_term_string"}}],"inLanguage":"en-US"}]}},"_links":{"self":[{"href":"https:\/\/www.sergiomarinelli.com\/en\/wp-json\/wp\/v2\/pages\/1731","targetHints":{"allow":["GET"]}}],"collection":[{"href":"https:\/\/www.sergiomarinelli.com\/en\/wp-json\/wp\/v2\/pages"}],"about":[{"href":"https:\/\/www.sergiomarinelli.com\/en\/wp-json\/wp\/v2\/types\/page"}],"author":[{"embeddable":true,"href":"https:\/\/www.sergiomarinelli.com\/en\/wp-json\/wp\/v2\/users\/1"}],"replies":[{"embeddable":true,"href":"https:\/\/www.sergiomarinelli.com\/en\/wp-json\/wp\/v2\/comments?post=1731"}],"version-history":[{"count":1,"href":"https:\/\/www.sergiomarinelli.com\/en\/wp-json\/wp\/v2\/pages\/1731\/revisions"}],"predecessor-version":[{"id":1732,"href":"https:\/\/www.sergiomarinelli.com\/en\/wp-json\/wp\/v2\/pages\/1731\/revisions\/1732"}],"wp:attachment":[{"href":"https:\/\/www.sergiomarinelli.com\/en\/wp-json\/wp\/v2\/media?parent=1731"}],"curies":[{"name":"wp","href":"https:\/\/api.w.org\/{rel}","templated":true}]}}