{"id":1733,"date":"2018-05-04T16:32:23","date_gmt":"2018-05-04T14:32:23","guid":{"rendered":"https:\/\/www.sergiomarinelli.com\/en\/?page_id=1733"},"modified":"2018-05-04T16:32:23","modified_gmt":"2018-05-04T14:32:23","slug":"cookie-policy","status":"publish","type":"page","link":"https:\/\/www.sergiomarinelli.com\/en\/cookie-policy\/","title":{"rendered":"Cookie policy"},"content":{"rendered":"<div class=\"wpb-content-wrapper\"><section class=\"l-section wpb_row height_medium\"><div class=\"l-section-h i-cf\"><div class=\"g-cols vc_row type_default valign_top\"><div class=\"vc_col-sm-12 wpb_column vc_column_container\"><div class=\"vc_column-inner\"><div class=\"wpb_wrapper\"><div class=\"w-tabs layout_default accordion title_left icon_chevron iconpos_right \"><div class=\"w-tabs-list items_6\"><div class=\"w-tabs-list-h\"><div class=\"w-tabs-item active defined-active\"><a href=\"#1506087443330-775f6041-c7dd\" class=\"w-tabs-item-h\"><span class=\"w-tabs-item-title\">Cosa sono i Cookies<\/span><\/a><\/div>\n<div class=\"w-tabs-item\"><a href=\"#1506087443364-29d75e33-2a1b\" class=\"w-tabs-item-h\"><span class=\"w-tabs-item-title\">A cosa servono i Cookies<\/span><\/a><\/div>\n<div class=\"w-tabs-item\"><a href=\"#1506087501325-787c0b1f-f00b\" class=\"w-tabs-item-h\"><span class=\"w-tabs-item-title\">I cookies tecnici e di navigazione\/sessione<\/span><\/a><\/div>\n<div class=\"w-tabs-item\"><a href=\"#1506087673695-242a32e3-91fe\" class=\"w-tabs-item-h\"><span class=\"w-tabs-item-title\">I cookies di funzionalit\u00e0<\/span><\/a><\/div>\n<div class=\"w-tabs-item\"><a href=\"#1506087838175-cdd5b4d4-f26b\" class=\"w-tabs-item-h\"><span class=\"w-tabs-item-title\">Cookies di Terze parti<\/span><\/a><\/div>\n<div class=\"w-tabs-item\"><a href=\"#1506087958075-7fc856b1-4119\" class=\"w-tabs-item-h\"><span class=\"w-tabs-item-title\">Come disabilitare i cookies tramite il tuo browser<\/span><\/a><\/div>\n<\/div><\/div><div class=\"w-tabs-sections\"><div class=\"w-tabs-sections-h\"><div class=\"w-tabs-section active\" id=\"1506087443330-775f6041-c7dd\"><a href=\"#1506087443330-775f6041-c7dd\" class=\"w-tabs-section-header\"><div class=\"w-tabs-section-header-h\"><h5 class=\"w-tabs-section-title\">Cosa sono i Cookies<\/h5><div class=\"w-tabs-section-control\"><\/div><\/div><\/a><div class=\"w-tabs-section-content\"><div class=\"w-tabs-section-content-h i-cf\">\n\t<div class=\"wpb_text_column \">\n\t\t<div class=\"wpb_wrapper\">\n\t\t\t<p>I cookies sono una sorta di &#8220;promemoria&#8221;, brevi &#8220;righe di testo&#8221; contenenti informazioni che possono essere salvate sul computer di un utente quando il browser (es. Chrome o InternetExplorer) richiama un determinato sito web. Grazie ai cookies il server invia informazioni che verranno rilette e aggiornate ogni volta che l&#8217;utente torner\u00e0 su quel sito. In questo modo il sito web potr\u00e0 adattarsi automaticamente all&#8217;utente migliorandone l&#8217;esperienza di navigazione.<\/p>\n\n\t\t<\/div>\n\t<\/div>\n<\/div><\/div><\/div><div class=\"w-tabs-section\" id=\"1506087443364-29d75e33-2a1b\"><a href=\"#1506087443364-29d75e33-2a1b\" class=\"w-tabs-section-header\"><div class=\"w-tabs-section-header-h\"><h5 class=\"w-tabs-section-title\">A cosa servono i Cookies<\/h5><div class=\"w-tabs-section-control\"><\/div><\/div><\/a><div class=\"w-tabs-section-content\"><div class=\"w-tabs-section-content-h i-cf\">\n\t<div class=\"wpb_text_column \">\n\t\t<div class=\"wpb_wrapper\">\n\t\t\t<p>I cookies sono principalmente utilizzati per:<\/p>\n<ul>\n<li>Migliorare l&#8217;esperienza di navigazione dell&#8217;utente all&#8217;interno del sito.<\/li>\n<li>Fornire al gestore del sito informazioni in forma anonima sulla navigazione degli utenti anche per ottenere dati statistici sull&#8217;uso del sito e migliorare la navigazione.<\/li>\n<li>I cookies possono anche veicolare messaggi pubblicitari.<\/li>\n<\/ul>\n\n\t\t<\/div>\n\t<\/div>\n<\/div><\/div><\/div><div class=\"w-tabs-section\" id=\"1506087501325-787c0b1f-f00b\"><a href=\"#1506087501325-787c0b1f-f00b\" class=\"w-tabs-section-header\"><div class=\"w-tabs-section-header-h\"><h5 class=\"w-tabs-section-title\">I cookies tecnici e di navigazione\/sessione<\/h5><div class=\"w-tabs-section-control\"><\/div><\/div><\/a><div class=\"w-tabs-section-content\"><div class=\"w-tabs-section-content-h i-cf\">\n\t<div class=\"wpb_text_column \">\n\t\t<div class=\"wpb_wrapper\">\n\t\t\t<p>Per l&#8217;installazione dei cookies tecnici (di navigazione\/sessione; di tipo &#8220;Analytics&#8221; e di funzionalit\u00e0) non \u00e8 richiesto il consenso dell&#8217;utente, ma solo l&#8217;obbligo di informativa. Questi cookies sono fondamentali per navigare all&#8217;interno del sito utilizzando tutte le sue funzionalit\u00e0, come ad esempio l&#8217;accesso alle aree riservate (Area Clienti). Senza questi cookies non sarebbe possibile fornire i servizi richiesti. Questi cookies non raccolgono informazioni da utilizzare per fini commerciali. Rientrano in questa categoria i cookies impostati dalle piattaforme a supporto dell&#8217;infrastruttura di sicurezza della societ\u00e0.<\/p>\n<p><em><strong>Come disabilitare questo tipo di cookie<\/strong><br \/>\n<\/em>Disabilitabile da Impostazioni Browser*<\/p>\n<p><em><strong>Avvertenze in caso di blocco<\/strong><br \/>\n<\/em>Esclusione dal computo statistico dei parametri di navigazione che permettono analisi volte all&#8217;ottimizzazione del sito<\/p>\n\n\t\t<\/div>\n\t<\/div>\n<\/div><\/div><\/div><div class=\"w-tabs-section\" id=\"1506087673695-242a32e3-91fe\"><a href=\"#1506087673695-242a32e3-91fe\" class=\"w-tabs-section-header\"><div class=\"w-tabs-section-header-h\"><h5 class=\"w-tabs-section-title\">I cookies di funzionalit\u00e0<\/h5><div class=\"w-tabs-section-control\"><\/div><\/div><\/a><div class=\"w-tabs-section-content\"><div class=\"w-tabs-section-content-h i-cf\">\n\t<div class=\"wpb_text_column \">\n\t\t<div class=\"wpb_wrapper\">\n\t\t\t<p>Permettono al sito di &#8220;ricordare&#8221; le scelte effettuate dall&#8217;utente e personalizzare il sito migliorandone i contenuti. Le informazioni raccolte da questo tipo di cookies sono in forma anonima. Rientrano in questa categoria i cookies impostati dalle sequenti soluzioni tecnologiche: Adobe Test &amp; Target<\/p>\n<p><em><strong>Come disabilitare questo tipo di cookie<\/strong><br \/>\n<\/em>Disabilitabile da Impostazioni Browser*<\/p>\n<p><em><strong>Avvertenze in caso di blocco<\/strong><br \/>\n<\/em>Blocco di funzionalit\u00e0 di testing e di conseguenza visualizzazione del sito non ottimizzata.<\/p>\n\n\t\t<\/div>\n\t<\/div>\n<\/div><\/div><\/div><div class=\"w-tabs-section\" id=\"1506087838175-cdd5b4d4-f26b\"><a href=\"#1506087838175-cdd5b4d4-f26b\" class=\"w-tabs-section-header\"><div class=\"w-tabs-section-header-h\"><h5 class=\"w-tabs-section-title\">Cookies di Terze parti<\/h5><div class=\"w-tabs-section-control\"><\/div><\/div><\/a><div class=\"w-tabs-section-content\"><div class=\"w-tabs-section-content-h i-cf\">\n\t<div class=\"wpb_text_column \">\n\t\t<div class=\"wpb_wrapper\">\n\t\t\t<p><strong>Questo sito utilizza cookies di terze parti\u00a0<\/strong>accuratamente selezionate e controllate che potrebbero installare cookie sul terminale dell&#8217;utente tramite questo sito web (c.d. &#8220;Terze parti&#8221;). Tra queste figurano, ad esempio, agenzie pubblicitarie, ad server, fornitori di tecnologia, provider di contenuti sponsorizzati e societ\u00e0 di ricerca esterne. Le Terze parti sono direttamente responsabili, in qualit\u00e0 di Titolari del trattamento, dei cookies da loro installati per il tramite di questo sito, cos\u00ec come dei trattamenti che ne fanno.<br \/>\nPertanto, di seguito ti proponiamo i link alle Terze parti affinch\u00e8 tu possa prendere atto della loro informativa privacy ed effettuare le tue scelte nell&#8217;utilizzo dei cookies:<\/p>\n<ul>\n<li><a href=\"http:\/\/www.google.com\/intl\/en\/policies\/privacy\/\" target=\"_blank\" rel=\"noopener\">Google Ireland<\/a><\/li>\n<li><a href=\"http:\/\/www.facebook.com\/help\/cookies\/\" target=\"_blank\" rel=\"noopener\">Facebook<\/a><\/li>\n<li><a href=\"http:\/\/support.twitter.com\/articles\/20170519-uso-dei-cookie-e-di-altre-tecnologie-simili-da-parte-di-twitter\/\" target=\"_blank\" rel=\"noopener\">Twitter<\/a><\/li>\n<li><a href=\"http:\/\/instagram.com\/legal\/cookies\/\" target=\"_blank\" rel=\"noopener\">Instagram<\/a><\/li>\n<li><a href=\"http:\/\/about.pinterest.com\/it\/privacy-policy\/\" target=\"_blank\" rel=\"noopener\">Pinterest<\/a><\/li>\n<\/ul>\n<p><strong>FACILITY:<\/strong>\u00a0Puoi avere un elenco di alcuni provider che lavorano con i gestori dei siti web per raccogliere e utilizzare informazioni utili alla fruizione della pubblicit\u00e0 comportamentale andando al link\u00a0<a href=\"http:\/\/www.youronlinechoices.com\/it\/le-tue-scelte\" target=\"_blank\" rel=\"noopener\">http:\/\/www.youronlinechoices.com\/it\/le-tue-scelte<\/a>. Potrai avere maggiori informazioni su ognuno di essi e bloccare\/attivare ogni singolo operatore.<\/p>\n\n\t\t<\/div>\n\t<\/div>\n<\/div><\/div><\/div><div class=\"w-tabs-section\" id=\"1506087958075-7fc856b1-4119\"><a href=\"#1506087958075-7fc856b1-4119\" class=\"w-tabs-section-header\"><div class=\"w-tabs-section-header-h\"><h5 class=\"w-tabs-section-title\">Come disabilitare i cookies tramite il tuo browser<\/h5><div class=\"w-tabs-section-control\"><\/div><\/div><\/a><div class=\"w-tabs-section-content\"><div class=\"w-tabs-section-content-h i-cf\">\n\t<div class=\"wpb_text_column \">\n\t\t<div class=\"wpb_wrapper\">\n\t\t\t<p>Questo sito web funziona in modo ottimale se i cookies sono abilitati. Puoi comunque decidere di non consentire l&#8217;impostazione dei cookies sul tuo computer; per farlo accedi alle &#8220;Preferenze&#8221; del tuo browser. Per informazioni su come modificare le impostazioni dei cookies seleziona qui sotto il browser che stai utilizzando:\u00a0<strong><a href=\"https:\/\/support.google.com\/chrome\/answer\/95647?hl=it&amp;topic=14666&amp;ctx=topic\" target=\"_blank\" rel=\"noopener\">Chrome<\/a>\u00a0&#8211;\u00a0<a href=\"http:\/\/support.mozilla.org\/it\/kb\/Attivare%20e%20disattivare%20i%20cookie\" target=\"_blank\" rel=\"noopener\">Firefox<\/a>\u00a0&#8211;\u00a0<a href=\"http:\/\/windows.microsoft.com\/it-it\/windows-vista\/block-or-allow-cookies\" target=\"_blank\" rel=\"noopener\">Internet Explorer<\/a>\u00a0&#8211;\u00a0<a href=\"http:\/\/www.opera.com\/help\/tutorials\/security\/privacy\/\" target=\"_blank\" rel=\"noopener\">Opera<\/a>\u00a0&#8211;\u00a0<a href=\"http:\/\/www.apple.com\/support\/?path=Safari\/5.0\/en\/11471.html\" target=\"_blank\" rel=\"noopener\">Safari<\/a><\/strong>\u00a0Se disattivi i cookies, potresti disabilitare alcune funzionalit\u00e0 del sito. Anche con tutti i cookies disabilitati, il tuo browser continuer\u00e0 a memorizzare una piccola quantit\u00e0 di informazioni, necessarie per le funzionalit\u00e0 di base del sito.<\/p>\n\n\t\t<\/div>\n\t<\/div>\n<\/div><\/div><\/div><\/div><\/div><\/div><\/div><\/div><\/div><\/div><\/div><\/section>\n<\/div>","protected":false},"excerpt":{"rendered":"Cosa sono i Cookies A cosa servono i Cookies I cookies tecnici e di navigazione\/sessione I cookies di funzionalit\u00e0 Cookies di Terze parti Come disabilitare...","protected":false},"author":1,"featured_media":1662,"parent":0,"menu_order":0,"comment_status":"closed","ping_status":"closed","template":"","meta":{"footnotes":""},"class_list":["post-1733","page","type-page","status-publish","has-post-thumbnail","hentry"],"yoast_head":"<!-- This site is optimized with the Yoast SEO plugin v27.4 - https:\/\/yoast.com\/product\/yoast-seo-wordpress\/ -->\n<title>Cookie policy - Architetto Sergio Marinelli<\/title>\n<meta name=\"robots\" content=\"index, follow, max-snippet:-1, max-image-preview:large, max-video-preview:-1\" \/>\n<link rel=\"canonical\" href=\"https:\/\/www.sergiomarinelli.com\/cookie\/\" \/>\n<meta property=\"og:locale\" content=\"en_US\" \/>\n<meta property=\"og:type\" content=\"article\" \/>\n<meta property=\"og:title\" content=\"Cookie policy - Architetto Sergio Marinelli\" \/>\n<meta property=\"og:url\" content=\"https:\/\/www.sergiomarinelli.com\/cookie\/\" \/>\n<meta property=\"og:site_name\" content=\"Architetto Sergio Marinelli\" \/>\n<meta property=\"article:publisher\" content=\"https:\/\/www.facebook.com\/marinellistudio\/\" \/>\n<meta property=\"og:image\" content=\"https:\/\/www.sergiomarinelli.com\/wp-content\/uploads\/2018\/02\/IMG_9474-1.jpg\" \/>\n\t<meta property=\"og:image:width\" content=\"923\" \/>\n\t<meta property=\"og:image:height\" content=\"612\" \/>\n\t<meta property=\"og:image:type\" content=\"image\/jpeg\" \/>\n<meta name=\"twitter:card\" content=\"summary_large_image\" \/>\n<meta name=\"twitter:site\" content=\"@arch_marinelli\" \/>\n<meta name=\"twitter:label1\" content=\"Est. reading time\" \/>\n\t<meta name=\"twitter:data1\" content=\"4 minutes\" \/>\n<script type=\"application\/ld+json\" class=\"yoast-schema-graph\">{\"@context\":\"https:\\\/\\\/schema.org\",\"@graph\":[{\"@type\":\"WebPage\",\"@id\":\"https:\\\/\\\/www.sergiomarinelli.com\\\/en\\\/cookie-policy\\\/\",\"url\":\"https:\\\/\\\/www.sergiomarinelli.com\\\/cookie\\\/\",\"name\":\"Cookie policy - Architetto Sergio Marinelli\",\"isPartOf\":{\"@id\":\"https:\\\/\\\/www.sergiomarinelli.com\\\/en\\\/#website\"},\"primaryImageOfPage\":{\"@id\":\"https:\\\/\\\/www.sergiomarinelli.com\\\/cookie\\\/#primaryimage\"},\"image\":{\"@id\":\"https:\\\/\\\/www.sergiomarinelli.com\\\/cookie\\\/#primaryimage\"},\"thumbnailUrl\":\"https:\\\/\\\/www.sergiomarinelli.com\\\/wp-content\\\/uploads\\\/2018\\\/02\\\/IMG_9474-1.jpg\",\"datePublished\":\"2018-05-04T14:32:23+00:00\",\"breadcrumb\":{\"@id\":\"https:\\\/\\\/www.sergiomarinelli.com\\\/cookie\\\/#breadcrumb\"},\"inLanguage\":\"en-US\",\"potentialAction\":[{\"@type\":\"ReadAction\",\"target\":[\"https:\\\/\\\/www.sergiomarinelli.com\\\/cookie\\\/\"]}]},{\"@type\":\"ImageObject\",\"inLanguage\":\"en-US\",\"@id\":\"https:\\\/\\\/www.sergiomarinelli.com\\\/cookie\\\/#primaryimage\",\"url\":\"https:\\\/\\\/www.sergiomarinelli.com\\\/wp-content\\\/uploads\\\/2018\\\/02\\\/IMG_9474-1.jpg\",\"contentUrl\":\"https:\\\/\\\/www.sergiomarinelli.com\\\/wp-content\\\/uploads\\\/2018\\\/02\\\/IMG_9474-1.jpg\",\"width\":923,\"height\":612},{\"@type\":\"BreadcrumbList\",\"@id\":\"https:\\\/\\\/www.sergiomarinelli.com\\\/cookie\\\/#breadcrumb\",\"itemListElement\":[{\"@type\":\"ListItem\",\"position\":1,\"name\":\"Home\",\"item\":\"https:\\\/\\\/www.sergiomarinelli.com\\\/en\\\/\"},{\"@type\":\"ListItem\",\"position\":2,\"name\":\"Cookie policy\"}]},{\"@type\":\"WebSite\",\"@id\":\"https:\\\/\\\/www.sergiomarinelli.com\\\/en\\\/#website\",\"url\":\"https:\\\/\\\/www.sergiomarinelli.com\\\/en\\\/\",\"name\":\"Architetto Sergio Marinelli\",\"description\":\"Studio di Architettura\",\"potentialAction\":[{\"@type\":\"SearchAction\",\"target\":{\"@type\":\"EntryPoint\",\"urlTemplate\":\"https:\\\/\\\/www.sergiomarinelli.com\\\/en\\\/?s={search_term_string}\"},\"query-input\":{\"@type\":\"PropertyValueSpecification\",\"valueRequired\":true,\"valueName\":\"search_term_string\"}}],\"inLanguage\":\"en-US\"}]}<\/script>\n<!-- \/ Yoast SEO plugin. -->","yoast_head_json":{"title":"Cookie policy - Architetto Sergio Marinelli","robots":{"index":"index","follow":"follow","max-snippet":"max-snippet:-1","max-image-preview":"max-image-preview:large","max-video-preview":"max-video-preview:-1"},"canonical":"https:\/\/www.sergiomarinelli.com\/cookie\/","og_locale":"en_US","og_type":"article","og_title":"Cookie policy - Architetto Sergio Marinelli","og_url":"https:\/\/www.sergiomarinelli.com\/cookie\/","og_site_name":"Architetto Sergio Marinelli","article_publisher":"https:\/\/www.facebook.com\/marinellistudio\/","og_image":[{"width":923,"height":612,"url":"https:\/\/www.sergiomarinelli.com\/wp-content\/uploads\/2018\/02\/IMG_9474-1.jpg","type":"image\/jpeg"}],"twitter_card":"summary_large_image","twitter_site":"@arch_marinelli","twitter_misc":{"Est. reading time":"4 minutes"},"schema":{"@context":"https:\/\/schema.org","@graph":[{"@type":"WebPage","@id":"https:\/\/www.sergiomarinelli.com\/en\/cookie-policy\/","url":"https:\/\/www.sergiomarinelli.com\/cookie\/","name":"Cookie policy - Architetto Sergio Marinelli","isPartOf":{"@id":"https:\/\/www.sergiomarinelli.com\/en\/#website"},"primaryImageOfPage":{"@id":"https:\/\/www.sergiomarinelli.com\/cookie\/#primaryimage"},"image":{"@id":"https:\/\/www.sergiomarinelli.com\/cookie\/#primaryimage"},"thumbnailUrl":"https:\/\/www.sergiomarinelli.com\/wp-content\/uploads\/2018\/02\/IMG_9474-1.jpg","datePublished":"2018-05-04T14:32:23+00:00","breadcrumb":{"@id":"https:\/\/www.sergiomarinelli.com\/cookie\/#breadcrumb"},"inLanguage":"en-US","potentialAction":[{"@type":"ReadAction","target":["https:\/\/www.sergiomarinelli.com\/cookie\/"]}]},{"@type":"ImageObject","inLanguage":"en-US","@id":"https:\/\/www.sergiomarinelli.com\/cookie\/#primaryimage","url":"https:\/\/www.sergiomarinelli.com\/wp-content\/uploads\/2018\/02\/IMG_9474-1.jpg","contentUrl":"https:\/\/www.sergiomarinelli.com\/wp-content\/uploads\/2018\/02\/IMG_9474-1.jpg","width":923,"height":612},{"@type":"BreadcrumbList","@id":"https:\/\/www.sergiomarinelli.com\/cookie\/#breadcrumb","itemListElement":[{"@type":"ListItem","position":1,"name":"Home","item":"https:\/\/www.sergiomarinelli.com\/en\/"},{"@type":"ListItem","position":2,"name":"Cookie policy"}]},{"@type":"WebSite","@id":"https:\/\/www.sergiomarinelli.com\/en\/#website","url":"https:\/\/www.sergiomarinelli.com\/en\/","name":"Architetto Sergio Marinelli","description":"Studio di Architettura","potentialAction":[{"@type":"SearchAction","target":{"@type":"EntryPoint","urlTemplate":"https:\/\/www.sergiomarinelli.com\/en\/?s={search_term_string}"},"query-input":{"@type":"PropertyValueSpecification","valueRequired":true,"valueName":"search_term_string"}}],"inLanguage":"en-US"}]}},"_links":{"self":[{"href":"https:\/\/www.sergiomarinelli.com\/en\/wp-json\/wp\/v2\/pages\/1733","targetHints":{"allow":["GET"]}}],"collection":[{"href":"https:\/\/www.sergiomarinelli.com\/en\/wp-json\/wp\/v2\/pages"}],"about":[{"href":"https:\/\/www.sergiomarinelli.com\/en\/wp-json\/wp\/v2\/types\/page"}],"author":[{"embeddable":true,"href":"https:\/\/www.sergiomarinelli.com\/en\/wp-json\/wp\/v2\/users\/1"}],"replies":[{"embeddable":true,"href":"https:\/\/www.sergiomarinelli.com\/en\/wp-json\/wp\/v2\/comments?post=1733"}],"version-history":[{"count":1,"href":"https:\/\/www.sergiomarinelli.com\/en\/wp-json\/wp\/v2\/pages\/1733\/revisions"}],"predecessor-version":[{"id":1734,"href":"https:\/\/www.sergiomarinelli.com\/en\/wp-json\/wp\/v2\/pages\/1733\/revisions\/1734"}],"wp:featuredmedia":[{"embeddable":true,"href":"https:\/\/www.sergiomarinelli.com\/en\/wp-json\/wp\/v2\/media\/1662"}],"wp:attachment":[{"href":"https:\/\/www.sergiomarinelli.com\/en\/wp-json\/wp\/v2\/media?parent=1733"}],"curies":[{"name":"wp","href":"https:\/\/api.w.org\/{rel}","templated":true}]}}